{"id":15855,"date":"2022-01-08T21:31:55","date_gmt":"2022-01-08T21:31:55","guid":{"rendered":"https:\/\/kat.ge\/?post_type=product&#038;p=15855"},"modified":"2025-05-05T12:48:26","modified_gmt":"2025-05-05T12:48:26","slug":"mh10-v2","status":"publish","type":"product","link":"https:\/\/kat.ge\/en\/product\/mh10-v2\/","title":{"rendered":"MH10 V2"},"content":{"rendered":"<div>Brand: Nitecore<br \/>\nCountry: China<br \/>\nProduct: MH10 V2<br \/>\nEAB #: 6952506405978<\/div>\n<div><\/div>\n<div class=\"one\">\n<div class=\"row\"><span class=\"dt\">Max Output<\/span>\u00a0<span class=\"dd\">1200 Lumens<\/span><\/div>\n<div class=\"row\"><span class=\"dt\">Max Beam Distance<\/span>\u00a0<span class=\"dd\">202 m<\/span><\/div>\n<div class=\"row\"><span class=\"dt\">Max Beam Intensity<\/span>\u00a0<span class=\"dd\">10200 cd<\/span><\/div>\n<div class=\"row\"><span class=\"dt\">Max Runtime<\/span>\u00a0<span class=\"dd\">1500 h 0 m \/ 62.5 d<\/span><\/div>\n<\/div>\n<div class=\"one\">\n<div class=\"row\"><span class=\"dt\">LED<\/span>\u00a0<span class=\"dd\">CREE XP-L2 V6 LED<\/span><\/div>\n<div class=\"row\"><span class=\"dt\">Reflector<\/span>\u00a0<span class=\"dd\">SMO<\/span><\/div>\n<div class=\"row\"><span class=\"dt\">Battery<\/span>\u00a0<span class=\"dd\">1 \u00d7 21700, 1 \u00d7 18650, 2 \u00d7 CR123, 2 \u00d7 RCR123<\/span><\/div>\n<div class=\"row\"><span class=\"dt\">Special Modes<\/span>\u00a0<span class=\"dd\">Location Beacon, SOS, Strobe<\/span><\/div>\n<\/div>\n<div class=\"one\">\n<div class=\"row\"><span class=\"dt\">Beam color<\/span>\u00a0<span class=\"dd\">White light<\/span><\/div>\n<div class=\"row\"><span class=\"dt\">Length<\/span>\u00a0<span class=\"dd\">147 mm \/ 5.79 in<\/span><\/div>\n<div class=\"row\"><span class=\"dt\">Head Size<\/span>\u00a0<span class=\"dd\">25.4 mm \/ 1.00 in<\/span><\/div>\n<div class=\"row\"><span class=\"dt\">Weight<\/span>\u00a0<span class=\"dd\">77.5 g \/ 2.73 oz<\/span><\/div>\n<\/div>\n<div class=\"one\">\n<div class=\"row\"><span class=\"dt\">Feature<\/span>\u00a0<span class=\"dd\">Rechargeable<\/span><\/div>\n<div class=\"row\"><span class=\"dt\">Activity<\/span>\u00a0<span class=\"dd\">Gear, Law Enforcement, Search, Outdoor\/Camping<\/span><\/div>\n<\/div>","protected":false},"excerpt":{"rendered":"<p>Brand: Nitecore Country: China Product: MH10 V2 EAB #: 6952506405978 Max Output\u00a01200 Lumens Max Beam Distance\u00a0202 m Max Beam Intensity\u00a010200<\/p>","protected":false},"featured_media":15856,"comment_status":"closed","ping_status":"closed","template":"","meta":[],"product_cat":[241],"product_tag":[],"class_list":{"0":"post-15855","1":"product","2":"type-product","3":"status-publish","4":"has-post-thumbnail","6":"product_cat-241","8":"first","9":"instock","10":"shipping-taxable","11":"purchasable","12":"product-type-simple"},"yoast_head":"<!-- This site is optimized with the Yoast SEO plugin v25.1 - https:\/\/yoast.com\/wordpress\/plugins\/seo\/ -->\n<title>MH10 V2 - \u10e8\u10d4\u10dc\u10d8 \u10d7\u10d0\u10d5\u10d2\u10d0\u10d3\u10d0\u10e1\u10d0\u10d5\u10d0\u10da\u10d8 \u10d8\u10ec\u10e7\u10d4\u10d1\u10d0 \u10d0\u10e5!<\/title>\n<meta name=\"robots\" content=\"index, follow, max-snippet:-1, max-image-preview:large, max-video-preview:-1\" \/>\n<link rel=\"canonical\" href=\"https:\/\/kat.ge\/en\/product\/mh10-v2\/\" \/>\n<meta property=\"og:locale\" content=\"en_US\" \/>\n<meta property=\"og:type\" content=\"article\" \/>\n<meta property=\"og:title\" content=\"MH10 V2 - \u10e8\u10d4\u10dc\u10d8 \u10d7\u10d0\u10d5\u10d2\u10d0\u10d3\u10d0\u10e1\u10d0\u10d5\u10d0\u10da\u10d8 \u10d8\u10ec\u10e7\u10d4\u10d1\u10d0 \u10d0\u10e5!\" \/>\n<meta property=\"og:description\" content=\"Brand: Nitecore Country: China Product: MH10 V2 EAB #: 6952506405978 Max Output\u00a01200 Lumens Max Beam Distance\u00a0202 m Max Beam Intensity\u00a010200\" \/>\n<meta property=\"og:url\" content=\"https:\/\/kat.ge\/en\/product\/mh10-v2\/\" \/>\n<meta property=\"og:site_name\" content=\"\u10e8\u10d4\u10dc\u10d8 \u10d7\u10d0\u10d5\u10d2\u10d0\u10d3\u10d0\u10e1\u10d0\u10d5\u10d0\u10da\u10d8 \u10d8\u10ec\u10e7\u10d4\u10d1\u10d0 \u10d0\u10e5!\" \/>\n<meta property=\"article:modified_time\" content=\"2025-05-05T12:48:26+00:00\" \/>\n<meta property=\"og:image\" content=\"https:\/\/kat.ge\/wp-content\/uploads\/2024\/10\/1-2.png\" \/>\n\t<meta property=\"og:image:width\" content=\"540\" \/>\n\t<meta property=\"og:image:height\" content=\"540\" \/>\n\t<meta property=\"og:image:type\" content=\"image\/png\" \/>\n<meta name=\"twitter:card\" content=\"summary_large_image\" \/>\n<meta name=\"twitter:label1\" content=\"Price\" \/>\n\t<meta name=\"twitter:data1\" content=\"277,00&nbsp;&#x20be;\" \/>\n\t<meta name=\"twitter:label2\" content=\"Availability\" \/>\n\t<meta name=\"twitter:data2\" content=\"In stock\" \/>\n<script type=\"application\/ld+json\" class=\"yoast-schema-graph\">{\"@context\":\"https:\/\/schema.org\",\"@graph\":[{\"@type\":\"WebPage\",\"@id\":\"https:\/\/kat.ge\/product\/mh10-v2\/\",\"url\":\"https:\/\/kat.ge\/product\/mh10-v2\/\",\"name\":\"MH10 V2 - \u10e8\u10d4\u10dc\u10d8 \u10d7\u10d0\u10d5\u10d2\u10d0\u10d3\u10d0\u10e1\u10d0\u10d5\u10d0\u10da\u10d8 \u10d8\u10ec\u10e7\u10d4\u10d1\u10d0 \u10d0\u10e5!\",\"isPartOf\":{\"@id\":\"https:\/\/kat.ge\/#website\"},\"primaryImageOfPage\":{\"@id\":\"https:\/\/kat.ge\/product\/mh10-v2\/#primaryimage\"},\"image\":{\"@id\":\"https:\/\/kat.ge\/product\/mh10-v2\/#primaryimage\"},\"thumbnailUrl\":\"https:\/\/kat.ge\/wp-content\/uploads\/2024\/10\/1-2.png\",\"datePublished\":\"2022-01-08T21:31:55+00:00\",\"dateModified\":\"2025-05-05T12:48:26+00:00\",\"breadcrumb\":{\"@id\":\"https:\/\/kat.ge\/product\/mh10-v2\/#breadcrumb\"},\"inLanguage\":\"en-US\",\"potentialAction\":[{\"@type\":\"ReadAction\",\"target\":[\"https:\/\/kat.ge\/product\/mh10-v2\/\"]}]},{\"@type\":\"ImageObject\",\"inLanguage\":\"en-US\",\"@id\":\"https:\/\/kat.ge\/product\/mh10-v2\/#primaryimage\",\"url\":\"https:\/\/kat.ge\/wp-content\/uploads\/2024\/10\/1-2.png\",\"contentUrl\":\"https:\/\/kat.ge\/wp-content\/uploads\/2024\/10\/1-2.png\",\"width\":540,\"height\":540},{\"@type\":\"BreadcrumbList\",\"@id\":\"https:\/\/kat.ge\/product\/mh10-v2\/#breadcrumb\",\"itemListElement\":[{\"@type\":\"ListItem\",\"position\":1,\"name\":\"Home\",\"item\":\"https:\/\/kat.ge\/\"},{\"@type\":\"ListItem\",\"position\":2,\"name\":\"\u10db\u10d0\u10e6\u10d0\u10d6\u10d8\u10d0\",\"item\":\"https:\/\/kat.ge\/shop\/\"},{\"@type\":\"ListItem\",\"position\":3,\"name\":\"MH10 V2\"}]},{\"@type\":\"WebSite\",\"@id\":\"https:\/\/kat.ge\/#website\",\"url\":\"https:\/\/kat.ge\/\",\"name\":\"Knife & Tools\",\"description\":\"- Knife &amp; Tools\",\"publisher\":{\"@id\":\"https:\/\/kat.ge\/#organization\"},\"potentialAction\":[{\"@type\":\"SearchAction\",\"target\":{\"@type\":\"EntryPoint\",\"urlTemplate\":\"https:\/\/kat.ge\/?s={search_term_string}\"},\"query-input\":{\"@type\":\"PropertyValueSpecification\",\"valueRequired\":true,\"valueName\":\"search_term_string\"}}],\"inLanguage\":\"en-US\"},{\"@type\":\"Organization\",\"@id\":\"https:\/\/kat.ge\/#organization\",\"name\":\"Knife & Tools\",\"url\":\"https:\/\/kat.ge\/\",\"logo\":{\"@type\":\"ImageObject\",\"inLanguage\":\"en-US\",\"@id\":\"https:\/\/kat.ge\/#\/schema\/logo\/image\/\",\"url\":\"https:\/\/kat.ge\/wp-content\/uploads\/2024\/10\/cropped-cropped-46-1.png\",\"contentUrl\":\"https:\/\/kat.ge\/wp-content\/uploads\/2024\/10\/cropped-cropped-46-1.png\",\"width\":512,\"height\":218,\"caption\":\"Knife & Tools\"},\"image\":{\"@id\":\"https:\/\/kat.ge\/#\/schema\/logo\/image\/\"}}]}<\/script>\n<meta property=\"product:price:amount\" content=\"277.00\" \/>\n<meta property=\"product:price:currency\" content=\"GEL\" \/>\n<meta property=\"og:availability\" content=\"instock\" \/>\n<meta property=\"product:availability\" content=\"instock\" \/>\n<meta property=\"product:condition\" content=\"new\" \/>\n<!-- \/ Yoast SEO plugin. -->","yoast_head_json":{"title":"MH10 V2 - \u10e8\u10d4\u10dc\u10d8 \u10d7\u10d0\u10d5\u10d2\u10d0\u10d3\u10d0\u10e1\u10d0\u10d5\u10d0\u10da\u10d8 \u10d8\u10ec\u10e7\u10d4\u10d1\u10d0 \u10d0\u10e5!","robots":{"index":"index","follow":"follow","max-snippet":"max-snippet:-1","max-image-preview":"max-image-preview:large","max-video-preview":"max-video-preview:-1"},"canonical":"https:\/\/kat.ge\/en\/product\/mh10-v2\/","og_locale":"en_US","og_type":"article","og_title":"MH10 V2 - \u10e8\u10d4\u10dc\u10d8 \u10d7\u10d0\u10d5\u10d2\u10d0\u10d3\u10d0\u10e1\u10d0\u10d5\u10d0\u10da\u10d8 \u10d8\u10ec\u10e7\u10d4\u10d1\u10d0 \u10d0\u10e5!","og_description":"Brand: Nitecore Country: China Product: MH10 V2 EAB #: 6952506405978 Max Output\u00a01200 Lumens Max Beam Distance\u00a0202 m Max Beam Intensity\u00a010200","og_url":"https:\/\/kat.ge\/en\/product\/mh10-v2\/","og_site_name":"\u10e8\u10d4\u10dc\u10d8 \u10d7\u10d0\u10d5\u10d2\u10d0\u10d3\u10d0\u10e1\u10d0\u10d5\u10d0\u10da\u10d8 \u10d8\u10ec\u10e7\u10d4\u10d1\u10d0 \u10d0\u10e5!","article_modified_time":"2025-05-05T12:48:26+00:00","og_image":[{"width":540,"height":540,"url":"https:\/\/kat.ge\/wp-content\/uploads\/2024\/10\/1-2.png","type":"image\/png"}],"twitter_card":"summary_large_image","twitter_misc":{"Price":"277,00&nbsp;&#x20be;","Availability":"In stock"},"schema":{"@context":"https:\/\/schema.org","@graph":[{"@type":"WebPage","@id":"https:\/\/kat.ge\/product\/mh10-v2\/","url":"https:\/\/kat.ge\/product\/mh10-v2\/","name":"MH10 V2 - \u10e8\u10d4\u10dc\u10d8 \u10d7\u10d0\u10d5\u10d2\u10d0\u10d3\u10d0\u10e1\u10d0\u10d5\u10d0\u10da\u10d8 \u10d8\u10ec\u10e7\u10d4\u10d1\u10d0 \u10d0\u10e5!","isPartOf":{"@id":"https:\/\/kat.ge\/#website"},"primaryImageOfPage":{"@id":"https:\/\/kat.ge\/product\/mh10-v2\/#primaryimage"},"image":{"@id":"https:\/\/kat.ge\/product\/mh10-v2\/#primaryimage"},"thumbnailUrl":"https:\/\/kat.ge\/wp-content\/uploads\/2024\/10\/1-2.png","datePublished":"2022-01-08T21:31:55+00:00","dateModified":"2025-05-05T12:48:26+00:00","breadcrumb":{"@id":"https:\/\/kat.ge\/product\/mh10-v2\/#breadcrumb"},"inLanguage":"en-US","potentialAction":[{"@type":"ReadAction","target":["https:\/\/kat.ge\/product\/mh10-v2\/"]}]},{"@type":"ImageObject","inLanguage":"en-US","@id":"https:\/\/kat.ge\/product\/mh10-v2\/#primaryimage","url":"https:\/\/kat.ge\/wp-content\/uploads\/2024\/10\/1-2.png","contentUrl":"https:\/\/kat.ge\/wp-content\/uploads\/2024\/10\/1-2.png","width":540,"height":540},{"@type":"BreadcrumbList","@id":"https:\/\/kat.ge\/product\/mh10-v2\/#breadcrumb","itemListElement":[{"@type":"ListItem","position":1,"name":"Home","item":"https:\/\/kat.ge\/"},{"@type":"ListItem","position":2,"name":"\u10db\u10d0\u10e6\u10d0\u10d6\u10d8\u10d0","item":"https:\/\/kat.ge\/shop\/"},{"@type":"ListItem","position":3,"name":"MH10 V2"}]},{"@type":"WebSite","@id":"https:\/\/kat.ge\/#website","url":"https:\/\/kat.ge\/","name":"Knife & Tools","description":"- Knife &amp; Tools","publisher":{"@id":"https:\/\/kat.ge\/#organization"},"potentialAction":[{"@type":"SearchAction","target":{"@type":"EntryPoint","urlTemplate":"https:\/\/kat.ge\/?s={search_term_string}"},"query-input":{"@type":"PropertyValueSpecification","valueRequired":true,"valueName":"search_term_string"}}],"inLanguage":"en-US"},{"@type":"Organization","@id":"https:\/\/kat.ge\/#organization","name":"Knife & Tools","url":"https:\/\/kat.ge\/","logo":{"@type":"ImageObject","inLanguage":"en-US","@id":"https:\/\/kat.ge\/#\/schema\/logo\/image\/","url":"https:\/\/kat.ge\/wp-content\/uploads\/2024\/10\/cropped-cropped-46-1.png","contentUrl":"https:\/\/kat.ge\/wp-content\/uploads\/2024\/10\/cropped-cropped-46-1.png","width":512,"height":218,"caption":"Knife & Tools"},"image":{"@id":"https:\/\/kat.ge\/#\/schema\/logo\/image\/"}}]},"product_price_amount":"277.00","product_price_currency":"GEL","og_availability":"instock","product_availability":"instock","product_condition":"new"},"_links":{"self":[{"href":"https:\/\/kat.ge\/en\/wp-json\/wp\/v2\/product\/15855","targetHints":{"allow":["GET"]}}],"collection":[{"href":"https:\/\/kat.ge\/en\/wp-json\/wp\/v2\/product"}],"about":[{"href":"https:\/\/kat.ge\/en\/wp-json\/wp\/v2\/types\/product"}],"replies":[{"embeddable":true,"href":"https:\/\/kat.ge\/en\/wp-json\/wp\/v2\/comments?post=15855"}],"version-history":[{"count":1,"href":"https:\/\/kat.ge\/en\/wp-json\/wp\/v2\/product\/15855\/revisions"}],"predecessor-version":[{"id":24303,"href":"https:\/\/kat.ge\/en\/wp-json\/wp\/v2\/product\/15855\/revisions\/24303"}],"wp:featuredmedia":[{"embeddable":true,"href":"https:\/\/kat.ge\/en\/wp-json\/wp\/v2\/media\/15856"}],"wp:attachment":[{"href":"https:\/\/kat.ge\/en\/wp-json\/wp\/v2\/media?parent=15855"}],"wp:term":[{"taxonomy":"product_cat","embeddable":true,"href":"https:\/\/kat.ge\/en\/wp-json\/wp\/v2\/product_cat?post=15855"},{"taxonomy":"product_tag","embeddable":true,"href":"https:\/\/kat.ge\/en\/wp-json\/wp\/v2\/product_tag?post=15855"}],"curies":[{"name":"wp","href":"https:\/\/api.w.org\/{rel}","templated":true}]}}