{"id":11267,"date":"2021-05-19T00:29:22","date_gmt":"2021-05-19T00:29:22","guid":{"rendered":"https:\/\/kat.ge\/?post_type=product&#038;p=11267"},"modified":"2024-10-02T19:30:07","modified_gmt":"2024-10-02T19:30:07","slug":"fiskars-tree-pruner-bypass-long-up84","status":"publish","type":"product","link":"https:\/\/kat.ge\/en\/product\/fiskars-tree-pruner-bypass-long-up84\/","title":{"rendered":"Fiskars Tree Pruner Bypass Long UP84"},"content":{"rendered":"<p>\u10d1\u10e0\u10d4\u10dc\u10d3\u10d8: FISKARS<br \/>\n\u10db\u10dd\u10d3\u10d4\u10da\u10d8: Fiskars Tree Pruner Bypass Long UP84<br \/>\nItem #: 1001557<br \/>\nEAN: 6411501963901<br \/>\n\u10db\u10ec\u10d0\u10e0\u10db\u10dd\u10d4\u10d1\u10d4\u10da\u10d8: \u10e4\u10d8\u10dc\u10d4\u10d7\u10d8<br \/>\n\u10d3\u10d0\u10dc\u10d8\u10e8\u10dc\u10e3\u10da\u10d4\u10d1\u10d0: \u10ea\u10dd\u10ea\u10ee\u10d0\u10da\u10d8 \u10e2\u10dd\u10e2\u10d4\u10d1\u10d8\u10e1\u10d7\u10d5\u10d8\u10e1<br \/>\n\u10db\u10ed\u10e0\u10d4\u10da\u10d8 \u10d3\u10d8\u10d0\u10db\u10d4\u10e2\u10e0\u10d8: 32\u10db\u10db<br \/>\n\u10db\u10ed\u10e0\u10d4\u10da\u10d8 \u10d9\u10e3\u10d7\u10ee\u10d4: 230\u00b0 (\u10e0\u10d4\u10d2\u10e3\u10da\u10d8\u10e0\u10d4\u10d1\u10d0\u10d3\u10d8)<br \/>\n\u10de\u10d8\u10e0\u10d8\u10e1 \u10db\u10d0\u10e1\u10d0\u10da\u10d0: \u10e4\u10dd\u10da\u10d0\u10d3\u10d8<br \/>\n\u10e1\u10d0\u10ee\u10d4\u10da\u10e3\u10e0\u10d8\u10e1 \u10db\u10d0\u10e1\u10d0\u10da\u10d0: SoftGripTM<br \/>\n\u10e1\u10d8\u10d2\u10e0\u10eb\u10d4: 2,322\u10db<br \/>\n\u10e1\u10d8\u10d2\u10d0\u10dc\u10d4: 118\u10db\u10db<br \/>\n\u10ec\u10dd\u10dc\u10d0: 1,200\u10d9\u10d2<\/p>","protected":false},"excerpt":{"rendered":"<p>\u10d1\u10e0\u10d4\u10dc\u10d3\u10d8: FISKARS \u10db\u10dd\u10d3\u10d4\u10da\u10d8: Fiskars Tree Pruner Bypass Long UP84 Item #: 1001557 EAN: 6411501963901 \u10db\u10ec\u10d0\u10e0\u10db\u10dd\u10d4\u10d1\u10d4\u10da\u10d8: \u10e4\u10d8\u10dc\u10d4\u10d7\u10d8 \u10d3\u10d0\u10dc\u10d8\u10e8\u10dc\u10e3\u10da\u10d4\u10d1\u10d0: \u10ea\u10dd\u10ea\u10ee\u10d0\u10da\u10d8 \u10e2\u10dd\u10e2\u10d4\u10d1\u10d8\u10e1\u10d7\u10d5\u10d8\u10e1 \u10db\u10ed\u10e0\u10d4\u10da\u10d8<\/p>","protected":false},"featured_media":11268,"comment_status":"closed","ping_status":"closed","template":"","meta":[],"product_cat":[209,306],"product_tag":[],"class_list":{"0":"post-11267","1":"product","2":"type-product","3":"status-publish","4":"has-post-thumbnail","6":"product_cat-209","7":"product_cat-306","9":"first","10":"instock","11":"shipping-taxable","12":"purchasable","13":"product-type-simple"},"yoast_head":"<!-- This site is optimized with the Yoast SEO plugin v25.1 - https:\/\/yoast.com\/wordpress\/plugins\/seo\/ -->\n<title>Fiskars Tree Pruner Bypass Long UP84 - \u10e8\u10d4\u10dc\u10d8 \u10d7\u10d0\u10d5\u10d2\u10d0\u10d3\u10d0\u10e1\u10d0\u10d5\u10d0\u10da\u10d8 \u10d8\u10ec\u10e7\u10d4\u10d1\u10d0 \u10d0\u10e5!<\/title>\n<meta name=\"robots\" content=\"index, follow, max-snippet:-1, max-image-preview:large, max-video-preview:-1\" \/>\n<link rel=\"canonical\" href=\"https:\/\/kat.ge\/en\/product\/fiskars-tree-pruner-bypass-long-up84\/\" \/>\n<meta property=\"og:locale\" content=\"en_US\" \/>\n<meta property=\"og:type\" content=\"article\" \/>\n<meta property=\"og:title\" content=\"Fiskars Tree Pruner Bypass Long UP84 - \u10e8\u10d4\u10dc\u10d8 \u10d7\u10d0\u10d5\u10d2\u10d0\u10d3\u10d0\u10e1\u10d0\u10d5\u10d0\u10da\u10d8 \u10d8\u10ec\u10e7\u10d4\u10d1\u10d0 \u10d0\u10e5!\" \/>\n<meta property=\"og:description\" content=\"\u10d1\u10e0\u10d4\u10dc\u10d3\u10d8: FISKARS \u10db\u10dd\u10d3\u10d4\u10da\u10d8: Fiskars Tree Pruner Bypass Long UP84 Item #: 1001557 EAN: 6411501963901 \u10db\u10ec\u10d0\u10e0\u10db\u10dd\u10d4\u10d1\u10d4\u10da\u10d8: \u10e4\u10d8\u10dc\u10d4\u10d7\u10d8 \u10d3\u10d0\u10dc\u10d8\u10e8\u10dc\u10e3\u10da\u10d4\u10d1\u10d0: \u10ea\u10dd\u10ea\u10ee\u10d0\u10da\u10d8 \u10e2\u10dd\u10e2\u10d4\u10d1\u10d8\u10e1\u10d7\u10d5\u10d8\u10e1 \u10db\u10ed\u10e0\u10d4\u10da\u10d8\" \/>\n<meta property=\"og:url\" content=\"https:\/\/kat.ge\/en\/product\/fiskars-tree-pruner-bypass-long-up84\/\" \/>\n<meta property=\"og:site_name\" content=\"\u10e8\u10d4\u10dc\u10d8 \u10d7\u10d0\u10d5\u10d2\u10d0\u10d3\u10d0\u10e1\u10d0\u10d5\u10d0\u10da\u10d8 \u10d8\u10ec\u10e7\u10d4\u10d1\u10d0 \u10d0\u10e5!\" \/>\n<meta property=\"article:modified_time\" content=\"2024-10-02T19:30:07+00:00\" \/>\n<meta property=\"og:image\" content=\"https:\/\/kat.ge\/wp-content\/uploads\/2024\/10\/5Tree-Pruner-Bypass-Long-UP84.jpg\" \/>\n\t<meta property=\"og:image:width\" content=\"1000\" \/>\n\t<meta property=\"og:image:height\" content=\"1000\" \/>\n\t<meta property=\"og:image:type\" content=\"image\/jpeg\" \/>\n<meta name=\"twitter:card\" content=\"summary_large_image\" \/>\n<meta name=\"twitter:label1\" content=\"Price\" \/>\n\t<meta name=\"twitter:data1\" content=\"297,00&nbsp;&#x20be;\" \/>\n\t<meta name=\"twitter:label2\" content=\"Availability\" \/>\n\t<meta name=\"twitter:data2\" content=\"In stock\" \/>\n<script type=\"application\/ld+json\" class=\"yoast-schema-graph\">{\"@context\":\"https:\/\/schema.org\",\"@graph\":[{\"@type\":\"WebPage\",\"@id\":\"https:\/\/kat.ge\/product\/fiskars-tree-pruner-bypass-long-up84\/\",\"url\":\"https:\/\/kat.ge\/product\/fiskars-tree-pruner-bypass-long-up84\/\",\"name\":\"Fiskars Tree Pruner Bypass Long UP84 - \u10e8\u10d4\u10dc\u10d8 \u10d7\u10d0\u10d5\u10d2\u10d0\u10d3\u10d0\u10e1\u10d0\u10d5\u10d0\u10da\u10d8 \u10d8\u10ec\u10e7\u10d4\u10d1\u10d0 \u10d0\u10e5!\",\"isPartOf\":{\"@id\":\"https:\/\/kat.ge\/#website\"},\"primaryImageOfPage\":{\"@id\":\"https:\/\/kat.ge\/product\/fiskars-tree-pruner-bypass-long-up84\/#primaryimage\"},\"image\":{\"@id\":\"https:\/\/kat.ge\/product\/fiskars-tree-pruner-bypass-long-up84\/#primaryimage\"},\"thumbnailUrl\":\"https:\/\/kat.ge\/wp-content\/uploads\/2024\/10\/5Tree-Pruner-Bypass-Long-UP84.jpg\",\"datePublished\":\"2021-05-19T00:29:22+00:00\",\"dateModified\":\"2024-10-02T19:30:07+00:00\",\"breadcrumb\":{\"@id\":\"https:\/\/kat.ge\/product\/fiskars-tree-pruner-bypass-long-up84\/#breadcrumb\"},\"inLanguage\":\"en-US\",\"potentialAction\":[{\"@type\":\"ReadAction\",\"target\":[\"https:\/\/kat.ge\/product\/fiskars-tree-pruner-bypass-long-up84\/\"]}]},{\"@type\":\"ImageObject\",\"inLanguage\":\"en-US\",\"@id\":\"https:\/\/kat.ge\/product\/fiskars-tree-pruner-bypass-long-up84\/#primaryimage\",\"url\":\"https:\/\/kat.ge\/wp-content\/uploads\/2024\/10\/5Tree-Pruner-Bypass-Long-UP84.jpg\",\"contentUrl\":\"https:\/\/kat.ge\/wp-content\/uploads\/2024\/10\/5Tree-Pruner-Bypass-Long-UP84.jpg\",\"width\":1000,\"height\":1000,\"caption\":\"Hedelm\u0160poimuri on k\u0160tev\u0160 lis\u0160varuste tuotteisiin 9636\"},{\"@type\":\"BreadcrumbList\",\"@id\":\"https:\/\/kat.ge\/product\/fiskars-tree-pruner-bypass-long-up84\/#breadcrumb\",\"itemListElement\":[{\"@type\":\"ListItem\",\"position\":1,\"name\":\"Home\",\"item\":\"https:\/\/kat.ge\/\"},{\"@type\":\"ListItem\",\"position\":2,\"name\":\"\u10db\u10d0\u10e6\u10d0\u10d6\u10d8\u10d0\",\"item\":\"https:\/\/kat.ge\/shop\/\"},{\"@type\":\"ListItem\",\"position\":3,\"name\":\"Fiskars Tree Pruner Bypass Long UP84\"}]},{\"@type\":\"WebSite\",\"@id\":\"https:\/\/kat.ge\/#website\",\"url\":\"https:\/\/kat.ge\/\",\"name\":\"Knife & Tools\",\"description\":\"- Knife &amp; Tools\",\"publisher\":{\"@id\":\"https:\/\/kat.ge\/#organization\"},\"potentialAction\":[{\"@type\":\"SearchAction\",\"target\":{\"@type\":\"EntryPoint\",\"urlTemplate\":\"https:\/\/kat.ge\/?s={search_term_string}\"},\"query-input\":{\"@type\":\"PropertyValueSpecification\",\"valueRequired\":true,\"valueName\":\"search_term_string\"}}],\"inLanguage\":\"en-US\"},{\"@type\":\"Organization\",\"@id\":\"https:\/\/kat.ge\/#organization\",\"name\":\"Knife & Tools\",\"url\":\"https:\/\/kat.ge\/\",\"logo\":{\"@type\":\"ImageObject\",\"inLanguage\":\"en-US\",\"@id\":\"https:\/\/kat.ge\/#\/schema\/logo\/image\/\",\"url\":\"https:\/\/kat.ge\/wp-content\/uploads\/2024\/10\/cropped-cropped-46-1.png\",\"contentUrl\":\"https:\/\/kat.ge\/wp-content\/uploads\/2024\/10\/cropped-cropped-46-1.png\",\"width\":512,\"height\":218,\"caption\":\"Knife & Tools\"},\"image\":{\"@id\":\"https:\/\/kat.ge\/#\/schema\/logo\/image\/\"}}]}<\/script>\n<meta property=\"product:price:amount\" content=\"297.00\" \/>\n<meta property=\"product:price:currency\" content=\"GEL\" \/>\n<meta property=\"og:availability\" content=\"instock\" \/>\n<meta property=\"product:availability\" content=\"instock\" \/>\n<meta property=\"product:retailer_item_id\" content=\"1001557\" \/>\n<meta property=\"product:condition\" content=\"new\" \/>\n<!-- \/ Yoast SEO plugin. -->","yoast_head_json":{"title":"Fiskars Tree Pruner Bypass Long UP84 - \u10e8\u10d4\u10dc\u10d8 \u10d7\u10d0\u10d5\u10d2\u10d0\u10d3\u10d0\u10e1\u10d0\u10d5\u10d0\u10da\u10d8 \u10d8\u10ec\u10e7\u10d4\u10d1\u10d0 \u10d0\u10e5!","robots":{"index":"index","follow":"follow","max-snippet":"max-snippet:-1","max-image-preview":"max-image-preview:large","max-video-preview":"max-video-preview:-1"},"canonical":"https:\/\/kat.ge\/en\/product\/fiskars-tree-pruner-bypass-long-up84\/","og_locale":"en_US","og_type":"article","og_title":"Fiskars Tree Pruner Bypass Long UP84 - \u10e8\u10d4\u10dc\u10d8 \u10d7\u10d0\u10d5\u10d2\u10d0\u10d3\u10d0\u10e1\u10d0\u10d5\u10d0\u10da\u10d8 \u10d8\u10ec\u10e7\u10d4\u10d1\u10d0 \u10d0\u10e5!","og_description":"\u10d1\u10e0\u10d4\u10dc\u10d3\u10d8: FISKARS \u10db\u10dd\u10d3\u10d4\u10da\u10d8: Fiskars Tree Pruner Bypass Long UP84 Item #: 1001557 EAN: 6411501963901 \u10db\u10ec\u10d0\u10e0\u10db\u10dd\u10d4\u10d1\u10d4\u10da\u10d8: \u10e4\u10d8\u10dc\u10d4\u10d7\u10d8 \u10d3\u10d0\u10dc\u10d8\u10e8\u10dc\u10e3\u10da\u10d4\u10d1\u10d0: \u10ea\u10dd\u10ea\u10ee\u10d0\u10da\u10d8 \u10e2\u10dd\u10e2\u10d4\u10d1\u10d8\u10e1\u10d7\u10d5\u10d8\u10e1 \u10db\u10ed\u10e0\u10d4\u10da\u10d8","og_url":"https:\/\/kat.ge\/en\/product\/fiskars-tree-pruner-bypass-long-up84\/","og_site_name":"\u10e8\u10d4\u10dc\u10d8 \u10d7\u10d0\u10d5\u10d2\u10d0\u10d3\u10d0\u10e1\u10d0\u10d5\u10d0\u10da\u10d8 \u10d8\u10ec\u10e7\u10d4\u10d1\u10d0 \u10d0\u10e5!","article_modified_time":"2024-10-02T19:30:07+00:00","og_image":[{"width":1000,"height":1000,"url":"https:\/\/kat.ge\/wp-content\/uploads\/2024\/10\/5Tree-Pruner-Bypass-Long-UP84.jpg","type":"image\/jpeg"}],"twitter_card":"summary_large_image","twitter_misc":{"Price":"297,00&nbsp;&#x20be;","Availability":"In stock"},"schema":{"@context":"https:\/\/schema.org","@graph":[{"@type":"WebPage","@id":"https:\/\/kat.ge\/product\/fiskars-tree-pruner-bypass-long-up84\/","url":"https:\/\/kat.ge\/product\/fiskars-tree-pruner-bypass-long-up84\/","name":"Fiskars Tree Pruner Bypass Long UP84 - \u10e8\u10d4\u10dc\u10d8 \u10d7\u10d0\u10d5\u10d2\u10d0\u10d3\u10d0\u10e1\u10d0\u10d5\u10d0\u10da\u10d8 \u10d8\u10ec\u10e7\u10d4\u10d1\u10d0 \u10d0\u10e5!","isPartOf":{"@id":"https:\/\/kat.ge\/#website"},"primaryImageOfPage":{"@id":"https:\/\/kat.ge\/product\/fiskars-tree-pruner-bypass-long-up84\/#primaryimage"},"image":{"@id":"https:\/\/kat.ge\/product\/fiskars-tree-pruner-bypass-long-up84\/#primaryimage"},"thumbnailUrl":"https:\/\/kat.ge\/wp-content\/uploads\/2024\/10\/5Tree-Pruner-Bypass-Long-UP84.jpg","datePublished":"2021-05-19T00:29:22+00:00","dateModified":"2024-10-02T19:30:07+00:00","breadcrumb":{"@id":"https:\/\/kat.ge\/product\/fiskars-tree-pruner-bypass-long-up84\/#breadcrumb"},"inLanguage":"en-US","potentialAction":[{"@type":"ReadAction","target":["https:\/\/kat.ge\/product\/fiskars-tree-pruner-bypass-long-up84\/"]}]},{"@type":"ImageObject","inLanguage":"en-US","@id":"https:\/\/kat.ge\/product\/fiskars-tree-pruner-bypass-long-up84\/#primaryimage","url":"https:\/\/kat.ge\/wp-content\/uploads\/2024\/10\/5Tree-Pruner-Bypass-Long-UP84.jpg","contentUrl":"https:\/\/kat.ge\/wp-content\/uploads\/2024\/10\/5Tree-Pruner-Bypass-Long-UP84.jpg","width":1000,"height":1000,"caption":"Hedelm\u0160poimuri on k\u0160tev\u0160 lis\u0160varuste tuotteisiin 9636"},{"@type":"BreadcrumbList","@id":"https:\/\/kat.ge\/product\/fiskars-tree-pruner-bypass-long-up84\/#breadcrumb","itemListElement":[{"@type":"ListItem","position":1,"name":"Home","item":"https:\/\/kat.ge\/"},{"@type":"ListItem","position":2,"name":"\u10db\u10d0\u10e6\u10d0\u10d6\u10d8\u10d0","item":"https:\/\/kat.ge\/shop\/"},{"@type":"ListItem","position":3,"name":"Fiskars Tree Pruner Bypass Long UP84"}]},{"@type":"WebSite","@id":"https:\/\/kat.ge\/#website","url":"https:\/\/kat.ge\/","name":"Knife & Tools","description":"- Knife &amp; Tools","publisher":{"@id":"https:\/\/kat.ge\/#organization"},"potentialAction":[{"@type":"SearchAction","target":{"@type":"EntryPoint","urlTemplate":"https:\/\/kat.ge\/?s={search_term_string}"},"query-input":{"@type":"PropertyValueSpecification","valueRequired":true,"valueName":"search_term_string"}}],"inLanguage":"en-US"},{"@type":"Organization","@id":"https:\/\/kat.ge\/#organization","name":"Knife & Tools","url":"https:\/\/kat.ge\/","logo":{"@type":"ImageObject","inLanguage":"en-US","@id":"https:\/\/kat.ge\/#\/schema\/logo\/image\/","url":"https:\/\/kat.ge\/wp-content\/uploads\/2024\/10\/cropped-cropped-46-1.png","contentUrl":"https:\/\/kat.ge\/wp-content\/uploads\/2024\/10\/cropped-cropped-46-1.png","width":512,"height":218,"caption":"Knife & Tools"},"image":{"@id":"https:\/\/kat.ge\/#\/schema\/logo\/image\/"}}]},"product_price_amount":"297.00","product_price_currency":"GEL","og_availability":"instock","product_availability":"instock","product_retailer_item_id":"1001557","product_condition":"new"},"_links":{"self":[{"href":"https:\/\/kat.ge\/en\/wp-json\/wp\/v2\/product\/11267","targetHints":{"allow":["GET"]}}],"collection":[{"href":"https:\/\/kat.ge\/en\/wp-json\/wp\/v2\/product"}],"about":[{"href":"https:\/\/kat.ge\/en\/wp-json\/wp\/v2\/types\/product"}],"replies":[{"embeddable":true,"href":"https:\/\/kat.ge\/en\/wp-json\/wp\/v2\/comments?post=11267"}],"version-history":[{"count":0,"href":"https:\/\/kat.ge\/en\/wp-json\/wp\/v2\/product\/11267\/revisions"}],"wp:featuredmedia":[{"embeddable":true,"href":"https:\/\/kat.ge\/en\/wp-json\/wp\/v2\/media\/11268"}],"wp:attachment":[{"href":"https:\/\/kat.ge\/en\/wp-json\/wp\/v2\/media?parent=11267"}],"wp:term":[{"taxonomy":"product_cat","embeddable":true,"href":"https:\/\/kat.ge\/en\/wp-json\/wp\/v2\/product_cat?post=11267"},{"taxonomy":"product_tag","embeddable":true,"href":"https:\/\/kat.ge\/en\/wp-json\/wp\/v2\/product_tag?post=11267"}],"curies":[{"name":"wp","href":"https:\/\/api.w.org\/{rel}","templated":true}]}}